{"id":6843,"date":"2018-09-24T12:00:11","date_gmt":"2018-09-24T10:00:11","guid":{"rendered":"http:\/\/grobnik.hr\/terms-and-conditions\/"},"modified":"2025-01-30T09:52:55","modified_gmt":"2025-01-30T08:52:55","slug":"opci-uvjeti-koristenja","status":"publish","type":"page","link":"https:\/\/grobnik.hr\/hr\/opci-uvjeti-koristenja\/","title":{"rendered":"Op\u0107i uvjeti kori\u0161tenja"},"content":{"rendered":"[vc_row type=&#8221;full_width_background&#8221; full_screen_row_position=&#8221;middle&#8221; bg_color=&#8221;#222222&#8243; scene_position=&#8221;center&#8221; text_color=&#8221;light&#8221; text_align=&#8221;left&#8221; class=&#8221;partners&#8221; overlay_strength=&#8221;0.3&#8243; shape_divider_position=&#8221;bottom&#8221; shape_type=&#8221;&#8221;][vc_column column_padding=&#8221;no-extra-padding&#8221; column_padding_position=&#8221;all&#8221; background_color_opacity=&#8221;1&#8243; background_hover_color_opacity=&#8221;1&#8243; column_shadow=&#8221;none&#8221; column_border_radius=&#8221;none&#8221; width=&#8221;1\/6&#8243; tablet_text_alignment=&#8221;default&#8221; phone_text_alignment=&#8221;default&#8221; column_border_width=&#8221;none&#8221; column_border_style=&#8221;solid&#8221;][\/vc_column][vc_column column_padding=&#8221;padding-5-percent&#8221; column_padding_position=&#8221;top-bottom&#8221; background_color_opacity=&#8221;1&#8243; background_hover_color_opacity=&#8221;1&#8243; column_shadow=&#8221;none&#8221; column_border_radius=&#8221;none&#8221; width=&#8221;2\/3&#8243; tablet_text_alignment=&#8221;default&#8221; phone_text_alignment=&#8221;default&#8221; column_border_width=&#8221;none&#8221; column_border_style=&#8221;solid&#8221;][vc_column_text]\u010clanak 1. Op\u0107e odredbe<\/p>\n<p>Ova pravila i uvjeti kori\u0161tenja propisuju uvjete i na\u010din kori\u0161tenja web stranice www.grobnik.hr te prava i obveze korisnika vezane uz kori\u0161tenje i pristup web stranici. Sve \u0161to je navedeno u ovim Uvjetima kori\u0161tenja vezano za web stranicu\u00a0 www.grobnik.hr, odnosi se i na sve njezine poddomenske stranice. Web stranicu\u00a0 www.grobnik.hr pokrenuo je i ure\u0111uje AUTOMOTODROM GROBNIK d.o.o. Pristupanjem i\/ili kori\u0161tenjem internetske stranice\u00a0 www.grobnik.hr potvr\u0111ujete da ste pro\u010ditali i razumjeli pravila i uvjete kori\u0161tenja te da ste s njima suglasni. Pristupanjem ovoj web stranice potvr\u0111ujete da ste stariji od 18 godina. Pristupanjem ovoj web stranici potvr\u0111ujete da sadr\u017eaj iste ne\u0107ete dijeliti s maloljetnim osobama. Ako niste suglasni s pravilima i uvjetima kori\u0161tenja, molimo vas da napustite internetsku stranicu\u00a0 www.grobnik.hr te da joj ne pristupate niti je upotrebljavate. Ako imate bilo kakvih pitanja ili nejasno\u0107a vezanih uz pravila i uvjete kori\u0161tenja, molimo da se obratite AUTOMOTODROM GROBNIK d.o.o. na tajnistvo@grobnik.hr<\/p>\n<p>\u010clanak 2. Kori\u0161tenje web stranice<\/p>\n<p>Preuzimanje i ispis dostupnih materijala na web stranici\u00a0 www.grobnik.hr, te pregled drugih materijala i sadr\u017eaja na ovoj adresi mogu\u0107 je samo u osobne svrhe. Zabranjeno je javno prikazivanje, preno\u0161enje, objavljivanje, mijenjanje, reproduciranje, distribuiranje, sudjelovanje u prijenosu ili prodaji, izradi kopija, otpremanju te svakoj drugoj vrsti uporabe cjelovitog sadr\u017eaja ove web stranice ili jednog njezinog dijela te odabir i uskla\u0111ivanje sadr\u017eaja, bez izri\u010ditog pismenog dopu\u0161tenja AUTOMOTODROM GROBNIK d.o.o. i drugih nositelja autorskih i ostalih prava intelektualnog vlasni\u0161tva. Ako je takvo dopu\u0161tenje izdano, nije dopu\u0161teno brisati ili mijenjati postoje\u0107e podatke koji se odnose na autorsko pravo i\/ili na trgova\u010dki znak ili drugo pravo intelektualnog vlasni\u0161tva.<\/p>\n<p>2.1. Kori\u0161tenje u trgova\u010dke svrhe<\/p>\n<p>Web stranicu\u00a0 www.grobnik.hr je zabranjeno koristiti za trgovinu, prodaju te u druge trgova\u010dke svrhe, osim za upite oko ulsuga koje nudi AUTOMOTODROM GROBNIK d.o.o. Svako objavljivanje reklama ili prikupljanje ponuda za proizvode i usluge nije dopu\u0161teno bez pismenog odobrenja AUTOMOTODROM GROBNIK. Zabranjuje se preno\u0161enje i objavljivanje opscenih, uvredljivih, vulgarnih, prijete\u0107ih ili nepristojnih, ili na drugi na\u010din neprihvatljivih ili protuzakonitih sadr\u017eaja, kao i onih kojima se vr\u0161i povreda nekih od prava bilo koje strane te posebno sadr\u017eaja koji sadr\u017ee viruse ili drugi \u0161tetan materijal. Korisnici preuzimaju odgovornost za svaku \u0161tetu koja je posljedica njihovih aktivnosti koje nisu u skladu s prethodno navedenim, kao i za drugu vrstu \u0161tete koja bi iz toga mogla proizi\u0107i. AUTOMOTODROM GROBNIK d.o.o. zadr\u017eava pravo (ali ne i obvezu) da materijale i sadr\u017eaje koje korisnici objavljuju na web lokaciji, u cijelosti ili djelomi\u010dno izbri\u0161e.<\/p>\n<p>2.2. Dostavljanje sadr\u017eaja i materijala<\/p>\n<p>Dostavljanjem sadr\u017eaja i materijala (uklju\u010duju\u0107i, ali ne isklju\u010divo, prijedloge, ideje, FOTO I VIDEO URATKE ) na ovu adresu, automatski izdajete (ili jam\u010dite da je vlasnik materijala izri\u010dito dopustio) AUTOMOTODROMU GROBNIK \u00a0d.o.o. neopoziva, stalna i ekskluzivna prava i licenciju za kori\u0161tenje, adaptiranje i mijenjanje, uklapanje u druge radove, prijevode, objavljivanje, prijenos i distribuciju po \u010ditavom svijetu spomenutog materijala u bilo kojem obliku i kroz sve do sada poznate i budu\u0107e medije u bilo koju svrhu i bez naknade. Uvjeti ove to\u010dke va\u017ee i nakon prestanka va\u017enosti ovih Uvjeta.<\/p>\n<p>2.3. Autorska i ostala prava intelektualnog vlasni\u0161tva<\/p>\n<p>Sadr\u017eaj ove web stranice za\u0161ti\u0107en je autorskim pravima koja pripadaju AUTOMOTODROMU GROBNIKi d.o.o., ili su ustupljena AUTOMOTODROMU GROBNIK a u vlasni\u0161tvu su tre\u0107ih osoba. AUTOMOTODROM GROBNIK d.o.o. tako\u0111er posjeduje autorsko pravo ure\u0111ivanja, izbora i uskla\u0111ivanja sadr\u017eaja web stranice. Nadalje, web stranica www.grobnik.hr sadr\u017ei za\u0161titne znakove, i druge sadr\u017eaje intelektualnog vlasni\u0161tva u vlasni\u0161tvu AUTOMOTODROMA GROBNIK d.o.o. ili tre\u0107ih osoba, a AUTOMOTODROM GROBNIK je nositelj licencije. Ne smijete smatrati da je bilo koji sadr\u017eaj na web stranici dostupan za upotrebu bez ograni\u010denja. U slu\u010daju da vam je potreban sadr\u017eaj sa stranice, mo\u017eete zatra\u017eiti dozvolu za umno\u017eavanje.<\/p>\n<ul>\n<li>Slike i video<\/li>\n<\/ul>\n<p>Sve fotografije, slike, video zapisi, biografski podaci osoba i\/ili ostali materijali koji se pojavljuju na web stranici www.grobnik.hr isklju\u010divo su vlasni\u0161tvo AUTOMOTODROMA GROBNIK d.o.o. Autorska i ostala prava intelektualnog vlasni\u0161tva na svim materijalima koji se nalaze na ovoj web stranici pripadaju AUTOMOTODROMU GROBNIK d.o.o. Sva prava su pridr\u017eana. Dopu\u0161tenje se daje korisnicima radi kori\u0161tenja tih materijala isklju\u010divo u promid\u017ebene, uredni\u010dke i informativne svrhe objavljivanja u novinama, \u010dasopisima i elektronskim medijima. Druga\u010dija upotreba materijala s web stranice\u00a0 www.grobnik.hr nije dopu\u0161tena. Tako\u0111er, nije dopu\u0161tena ni upotreba bilo kojeg materijala s web stranice vezana uz prodaju ili nu\u0111enje na prodaju proizvoda ili usluga bilo koje vrste. Definirano dopu\u0161tenje i na\u010din kori\u0161tenja web stranice ne smije se prenositi, podugovarati ili dodjeljivati. Svaki namjeravani i poku\u0161ani prijenos, podugovaranje ili dodjeljivanje smatrat \u0107e se ni\u0161tavnim.Kori\u0161tenjem materijala s web stranici, medijski korisnici obvezuju se u potpunosti pridr\u017eavati ovdje utvr\u0111enih ograni\u010denja, uvjeta i zahtjeva.<\/p>\n<p>\u010clanak 3. Jamstva i uskra\u0107ivanje prava<\/p>\n<p>AUTOMOTODROM GROBNIK d.o.o.\u00a0 ula\u017ee razuman napor kako bi se na web stranici www.grobnik.hr\u00a0 objavljivali to\u010dni i aktualni podaci, ali ne preuzima odgovornost za to\u010dnost i potpunost istih, kao \u0161to i ne daje pravo prigovora u tom smislu.sve materijale i sadr\u017eaje na ovoj web stranici treba uzeti &#8220;takvima kakvi jesu&#8221;, te se AUTOMOTODROM GROBNIK\u00a0 d.o.o. ne smatra odgovornom za eventualne posljedice koje mogu proizi\u0107i iz druga\u010dijeg tuma\u010denja materijala i sadr\u017eaja na web stranici. Medijski subjekti i ostali korisnici koji koriste web lokaciju, izrijekom prihva\u0107aju obe\u0161tetiti AUTOMOTODROM GROBNIK d.o.lo.. za bilo kakva i sva potra\u017eivanja, tro\u0161kove, \u0161tete ili odgovornosti koje nastaju nesavjesnim kori\u0161tenjem materijala s web lokacije od strane istog korisnika, uklju\u010duju\u0107i i bilo kakvu izravnu, neizravnu, slu\u010dajnu, posebnu ili posljedi\u010dnu \u0161tetu. Nadalje,AUTOMOTODROM GROBNIK d.o.o. ne preuzima nikakvu zakonsku odgovornost za to\u010dnost, potpunost ili korisnost podataka, ure\u0111aja, proizvoda ili postupaka ovdje prikazanih, te ne jam\u010de da kori\u0161tenje informacija, ure\u0111aja, proizvoda ili postupaka ne\u0107e uznemiravati privatna prava<\/p>\n<p>3.1. Uskra\u0107ivanje prava na reklamiranje<\/p>\n<p>Spominjanje bilo kojeg konkretnog postupka ili usluge koja ima tr\u017ei\u0161no ime, za\u0161titni znak, proizvo\u0111a\u010da, ili sli\u010dno, ne zna\u010di nu\u017eno da ga AUTOMOTODROM GROBNIK d.o.o ili bilo koji od njezinih zaposlenika i dobavlja\u010da reklamira, preporu\u010duje ili favorizira.<\/p>\n<p>3.2. Uskra\u0107ivanje prava na vanjske veze<\/p>\n<p>Pojava vanjskih hiperlinkova ne zna\u010di daAUTOMOTODROM GROBNIK d.o.o , dobavlja\u010di ili pokrovitelji reklamiraju takve vanjske web lokacije, ili informacije, proizvode ili usluge koje oni sadr\u017ee. AUTOMOTODROM GROBNIK d.o.o . niti bilo koji od njezinih zaposlenika, pokrovitelja i dobavlja\u010da nema kontrolu nad informacijama koje sadr\u017ee takve vanjske lokacije. Vanjske veze na web lokaciji u skladu su s politikom AUTOMOTODROM GROBNIKd.o.o., koja nije odgovorna za sadr\u017eaj bilo koje povezane web stranice koju je dobila od svojih poslu\u017eitelja. Veze mogu uklju\u010divati tekstualne linkove, male slike, ikone ili sli\u010dice koje ilustriraju vezu, a ne reklamiraju proizvode ili usluge.<\/p>\n<p>\u010clanak 4. Ograni\u010denje odgovornosti<\/p>\n<p>Pristupanjem i\/ili kori\u0161tenjem web stranice www.grobnik.hr izri\u010dito potvr\u0111ujete da istu koristite na vlastitu odgovornost. AUTOMOTODROM GROBNIK d.o.o niti njeni zaposlenici ne garantiraju da \u0107e ova web stranica biti neprekidno dostupna i bez gre\u0161aka.\u00a0 AUTOMOTODROM GROBNIK d.o.o \u0107e na zahtjev ukloniti sav sadr\u017eaj koji je prijavljen i dokazan da kr\u0161i pravila i uvjete kori\u0161tenja. Pristupanjem i\/ili kori\u0161tenjem web stranice www.grobnik.hr potvr\u0111ujete i prihva\u0107ate da niti jedna od strana koje sudjeluju u stvaranju, proizvodnji ili isporuci ove web stranice nije odgovorna ni za kakvu izravnu, neizravnu, slu\u010dajnu, posljedi\u010dnu ili naknadnu \u0161tetu odnosno gubitak bilo koje vrste, kao ni za tro\u0161kove ili izdatke bilo koje vrste (uklju\u010duju\u0107i i pravne pristojbe, naknade stru\u010dnjacima ili druge isplate) koje mogu nastati izravno ili posredno, uslijed pristupanja, kori\u0161tenja ili pregledavanja ove internetske stranice ili putem preuzimanja bilo kojeg materijala, teksta, podatka, slike, video ili audio isje\u010dka s ove web stranice; koje uklju\u010duju ali nisu ograni\u010dene na viruse, bugove, ljudsko djelovanje, nedjelovanje bilo kojeg ra\u010dunalnog sustava, pad telefonske linije, kvar u hardveru, softveru ili programskih kvar, ili uslijed bilo kojih drugih pogre\u0161aka, akcija, propusta ili ka\u0161njenja.<\/p>\n<p>\u010clanak 5. Izmjene uvjeta i pravila kori\u0161tenja<\/p>\n<p>AUTOMOTODROM GROBNIK d.o.o . zadr\u017eava pravo izmjene ili prekida bilo kojeg dijela ove web stranice i uvjeta kori\u0161tenja u bilo kojem trenutku. Promjene stupaju na snagu objavljivanjem na ovoj web adresi. Uvjeti kori\u0161tenja primjenjuju se do raskida istih od va\u0161e strane ili od strane AUTOMOTODROM GROBNIK d.o.o . Va\u0161 raskid, mogu\u0107 u bilo kojem trenutku, zna\u010di prestanak kori\u0161tenja web stranice te poni\u0161tenje svih materijala i sadr\u017eaja preuzetih s iste. Va\u0161e naknadno kori\u0161tenje ove web stranice predstavlja va\u0161e prihva\u0107anje svih eventualnih izmjena.[\/vc_column_text][\/vc_column][vc_column column_padding=&#8221;no-extra-padding&#8221; column_padding_position=&#8221;all&#8221; background_color_opacity=&#8221;1&#8243; background_hover_color_opacity=&#8221;1&#8243; column_shadow=&#8221;none&#8221; column_border_radius=&#8221;none&#8221; width=&#8221;1\/6&#8243; tablet_text_alignment=&#8221;default&#8221; phone_text_alignment=&#8221;default&#8221; column_border_width=&#8221;none&#8221; column_border_style=&#8221;solid&#8221;][\/vc_column][\/vc_row]\n","protected":false},"excerpt":{"rendered":"<p>[vc_row type=&#8221;full_width_background&#8221; full_screen_row_position=&#8221;middle&#8221; bg_color=&#8221;#222222&#8243; scene_position=&#8221;center&#8221; text_color=&#8221;light&#8221; text_align=&#8221;left&#8221; class=&#8221;partners&#8221; overlay_strength=&#8221;0.3&#8243; shape_divider_position=&#8221;bottom&#8221; shape_type=&#8221;&#8221;][vc_column column_padding=&#8221;no-extra-padding&#8221; column_padding_position=&#8221;all&#8221; background_color_opacity=&#8221;1&#8243; background_hover_color_opacity=&#8221;1&#8243; column_shadow=&#8221;none&#8221; column_border_radius=&#8221;none&#8221; width=&#8221;1\/6&#8243; tablet_text_alignment=&#8221;default&#8221; phone_text_alignment=&#8221;default&#8221;&#8230;<\/p>\n","protected":false},"author":1,"featured_media":0,"parent":0,"menu_order":4,"comment_status":"open","ping_status":"open","template":"","meta":{"footnotes":""},"class_list":["post-6843","page","type-page","status-publish"],"_links":{"self":[{"href":"https:\/\/grobnik.hr\/hr\/wp-json\/wp\/v2\/pages\/6843","targetHints":{"allow":["GET"]}}],"collection":[{"href":"https:\/\/grobnik.hr\/hr\/wp-json\/wp\/v2\/pages"}],"about":[{"href":"https:\/\/grobnik.hr\/hr\/wp-json\/wp\/v2\/types\/page"}],"author":[{"embeddable":true,"href":"https:\/\/grobnik.hr\/hr\/wp-json\/wp\/v2\/users\/1"}],"replies":[{"embeddable":true,"href":"https:\/\/grobnik.hr\/hr\/wp-json\/wp\/v2\/comments?post=6843"}],"version-history":[{"count":0,"href":"https:\/\/grobnik.hr\/hr\/wp-json\/wp\/v2\/pages\/6843\/revisions"}],"wp:attachment":[{"href":"https:\/\/grobnik.hr\/hr\/wp-json\/wp\/v2\/media?parent=6843"}],"curies":[{"name":"wp","href":"https:\/\/api.w.org\/{rel}","templated":true}]}}